{"id":324,"date":"2025-12-19T13:35:24","date_gmt":"2025-12-19T12:35:24","guid":{"rendered":"https:\/\/accesible.ideva.es\/?page_id=324"},"modified":"2025-12-19T13:56:59","modified_gmt":"2025-12-19T12:56:59","slug":"politica-de-cookies","status":"publish","type":"page","link":"https:\/\/accesible.ideva.es\/?page_id=324","title":{"rendered":"Pol\u00edtica de Cookies"},"content":{"rendered":"<div class=\"fusion-fullwidth fullwidth-box fusion-builder-row-1 fusion-flex-container has-pattern-background has-mask-background nonhundred-percent-fullwidth non-hundred-percent-height-scrolling\" style=\"--awb-border-radius-top-left:0px;--awb-border-radius-top-right:0px;--awb-border-radius-bottom-right:0px;--awb-border-radius-bottom-left:0px;--awb-flex-wrap:wrap;\" ><div class=\"fusion-builder-row fusion-row fusion-flex-align-items-flex-start fusion-flex-content-wrap\" style=\"max-width:1456px;margin-left: calc(-4% \/ 2 );margin-right: calc(-4% \/ 2 );\"><div class=\"fusion-layout-column fusion_builder_column fusion-builder-column-0 fusion_builder_column_1_1 1_1 fusion-flex-column\" style=\"--awb-bg-size:cover;--awb-width-large:100%;--awb-margin-top-large:0px;--awb-spacing-right-large:1.92%;--awb-margin-bottom-large:20px;--awb-spacing-left-large:1.92%;--awb-width-medium:100%;--awb-order-medium:0;--awb-spacing-right-medium:1.92%;--awb-spacing-left-medium:1.92%;--awb-width-small:100%;--awb-order-small:0;--awb-spacing-right-small:1.92%;--awb-spacing-left-small:1.92%;\"><div class=\"fusion-column-wrapper fusion-column-has-shadow fusion-flex-justify-content-flex-start fusion-content-layout-column\"><div class=\"fusion-title title fusion-title-1 fusion-sep-none fusion-title-text fusion-title-size-one\"><h1 class=\"fusion-title-heading title-heading-left\" style=\"margin:0;\"><h1 class=\"title\">\u00cdndice<\/h1><\/h1><\/div><div class=\"fusion-text fusion-text-1\"><ul>\n<li>\u00bfQu\u00e9 es una cookie?<\/li>\n<li>\u00bfQu\u00e9 tipos de cookies utiliza este sitio web?<\/li>\n<li>Consentimiento<\/li>\n<li>Desactivaci\u00f3n o eliminaci\u00f3n de cookies<\/li>\n<li>M\u00e1s informaci\u00f3n<\/li>\n<\/ul>\n<h3>\u00bfQu\u00e9 es una cookie?<\/h3>\n<p>Una cookie es archivo que se descarga en el dispositivo de navegaci\u00f3n al acceder a determinadas<br \/>\np\u00e1ginas web. Las cookies almacenan y recuperan informaci\u00f3n cuando la persona usuaria navega en la<br \/>\np\u00e1gina web. En general, las cookies pueden servir para finalidades muy diversas, como, por ejemplo,<br \/>\nreconocer al usuario, obtener informaci\u00f3n sobre los datos de navegaci\u00f3n, o personalizar la forma en<br \/>\nque se muestra el contenido del sitio web. Adem\u00e1s de las cookies tambi\u00e9n existen otras tecnolog\u00edas<br \/>\nsimilares que pueden realizar las mismas funciones.<\/p>\n<h3>\u00bfQu\u00e9 tipos de cookies utiliza este sitio web?<\/h3>\n<p>Este sitio web del Ayuntamiento de Valladolid se utilizan los siguientes tipos de cookies:<\/p>\n<p><strong>Cookies estrictamente necesarias y t\u00e9cnicas:<\/strong><br \/>\nestas cookies son necesarias para que este sitio web funcione correctamente y no se pueden<br \/>\ndesactivar. Con car\u00e1cter general, este tipo de cookies se configuran autom\u00e1ticamente al acceder<br \/>\nal sitio web o al utilizar ciertos servicios o funcionalidades. Si estas cookies se desactivan<br \/>\npuede afectar al correcto funcionamiento del sitio web.<\/p>\n<p><strong>Cookies funcionales:<\/strong><br \/>\nestas cookies son necesarias para el correcto funcionamiento de algunos servicios y<br \/>\nfuncionalidades disponibles en este sitio web.<\/p>\n<p><strong>Cookies de preferencias o personalizaci\u00f3n:<\/strong><br \/>\npermiten recordar las caracter\u00edsticas de las opciones seleccionadas por la persona usuaria,<br \/>\ncomo el idioma o el tipo de navegador utilizado.<\/p>\n<p><strong>Cookies de an\u00e1lisis o medici\u00f3n:<\/strong><br \/>\ntambi\u00e9n conocidas como anal\u00edticas, permiten al Ayuntamiento de Valladolid medir la actividad,<br \/>\nusos y accesos a los contenidos y servicios con el fin de introducir mejoras o nuevos servicios.<\/p>\n<p>A continuaci\u00f3n, se describen las cookies existentes en este sitio web clasificadas como propias<br \/>\no de terceros:<\/p>\n<h3>Cookies propias<\/h3>\n<p>Son aqu\u00e9llas que se env\u00edan al equipo terminal de la persona usuaria desde un equipo o dominio y<br \/>\nson gestionadas por el Ayuntamiento de Valladolid:<\/p>\n<table style=\"margin: 20px auto; border-collapse: collapse; width: 100%; max-width: 800px;\">\n<thead>\n<tr style=\"background: #c00000; color: #fff;\">\n<th style=\"padding: 8px;\">Nombre<\/th>\n<th style=\"padding: 8px;\">Duraci\u00f3n<\/th>\n<th style=\"padding: 8px;\">Tipolog\u00eda<\/th>\n<th style=\"padding: 8px;\">Descripci\u00f3n<\/th>\n<\/tr>\n<\/thead>\n<tbody>\n<tr>\n<td style=\"padding: 8px;\">cookie-agreed<\/td>\n<td style=\"padding: 8px;\">14 d\u00edas<\/td>\n<td style=\"padding: 8px;\">[Pendiente]<\/td>\n<td style=\"padding: 8px;\">Para guardar la aceptaci\u00f3n de pol\u00edtica de cookies<\/td>\n<\/tr>\n<tr>\n<td style=\"padding: 8px;\">cookie-agreed-categories<\/td>\n<td style=\"padding: 8px;\">14 d\u00edas<\/td>\n<td style=\"padding: 8px;\">[Pendiente]<\/td>\n<td style=\"padding: 8px;\">Para guardar desglosadas las categor\u00edas aceptadas de cookies<\/td>\n<\/tr>\n<tr>\n<td style=\"padding: 8px;\">agreed<\/td>\n<td style=\"padding: 8px;\">14 d\u00edas<\/td>\n<td style=\"padding: 8px;\">[Pendiente]<\/td>\n<td style=\"padding: 8px;\">Para guardar la aceptaci\u00f3n de pol\u00edtica de cookies<\/td>\n<\/tr>\n<\/tbody>\n<\/table>\n<h3>Cookies de terceros<\/h3>\n<p>Son aqu\u00e9llas que se env\u00edan al equipo terminal de la persona usuaria desde un dominio que no es<br \/>\ngestionado por el Ayuntamiento de Valladolid, sino por otra entidad que trata los datos obtenidos<br \/>\na trav\u00e9s de las cookies:<\/p>\n<p><strong>GOOGLE<\/strong><\/p>\n<table style=\"margin: 20px auto; border-collapse: collapse; width: 100%; max-width: 800px;\">\n<thead>\n<tr style=\"background: #c00000; color: #fff;\">\n<th style=\"padding: 8px;\">Nombre<\/th>\n<th style=\"padding: 8px;\">Duraci\u00f3n<\/th>\n<th style=\"padding: 8px;\">Tipolog\u00eda<\/th>\n<th style=\"padding: 8px;\">Descripci\u00f3n<\/th>\n<\/tr>\n<\/thead>\n<tbody>\n<tr>\n<td style=\"padding: 8px;\"><strong>_ga<\/strong><\/td>\n<td style=\"padding: 8px;\">2 a\u00f1os<\/td>\n<td style=\"padding: 8px;\">An\u00e1lisis<\/td>\n<td style=\"padding: 8px;\">Registra una identificaci\u00f3n \u00fanica para generar datos estad\u00edsticos.<\/p>\n<p><a href=\"http:\/\/www.google.com\/intl\/es\/analytics\/privacyoverview.html\" target=\"_blank\" rel=\"noopener noreferrer\"><br \/>\nPol\u00edtica de privacidad de Google<br \/>\n<\/a><\/td>\n<\/tr>\n<tr>\n<td style=\"padding: 8px;\"><strong>_gat<\/strong><\/td>\n<td style=\"padding: 8px;\">24 horas<\/td>\n<td style=\"padding: 8px;\">An\u00e1lisis<\/td>\n<td style=\"padding: 8px;\">Controla la tasa de peticiones.<\/p>\n<p><a href=\"http:\/\/www.google.com\/intl\/es\/analytics\/privacyoverview.html\" target=\"_blank\" rel=\"noopener noreferrer\"><br \/>\nPol\u00edtica de privacidad de Google<br \/>\n<\/a><\/td>\n<\/tr>\n<tr>\n<td style=\"padding: 8px;\"><strong>_gid<\/strong><\/td>\n<td style=\"padding: 8px;\">24 horas<\/td>\n<td style=\"padding: 8px;\">An\u00e1lisis<\/td>\n<td style=\"padding: 8px;\">Registra una identificaci\u00f3n \u00fanica para generar datos estad\u00edsticos.<\/p>\n<p><a href=\"http:\/\/www.google.com\/intl\/es\/analytics\/privacyoverview.html\" target=\"_blank\" rel=\"noopener noreferrer\"><br \/>\nPol\u00edtica de privacidad de Google<br \/>\n<\/a><\/td>\n<\/tr>\n<\/tbody>\n<\/table>\n<p>Anal\u00edticas (Google): Ayudar\u00e1 a conocer las visitas y las actividades. La informaci\u00f3n recopilada por<br \/>\nla cookie es transmitida y archivada en los servidores de Estados Unidos.<\/p>\n<p>Puedes informarte de las transferencias a terceros pa\u00edses en:<\/p>\n<p><a href=\"https:\/\/developers.google.com\/analytics\/devguides\/collection\/analyticsjs\/cookie-usage\" target=\"_blank\" rel=\"noopener noreferrer\"><br \/>\nhttps:\/\/developers.google.com\/analytics\/devguides\/collection\/analyticsjs\/cookie-usage<br \/>\n<\/a><\/p>\n<h3>Consentimiento<\/h3>\n<p>Al acceder a este sitio web, la persona usuaria visualizar\u00e1 un panel informativo de cookies en el<br \/>\nque se le informar\u00e1 de la forma en la que puede prestar o rechazar su consentimiento a instalar<br \/>\nlas cookies.<\/p>\n<p>Asimismo, podr\u00e1 deshabilitarlas o retirar su consentimiento previamente otorgado en cualquier<br \/>\nmomento eliminando las cookies instaladas en su dispositivo mediante la configuraci\u00f3n del<br \/>\nnavegador.<\/p>\n<h3>Desactivaci\u00f3n o eliminaci\u00f3n de cookies en el Navegador<\/h3>\n<p>Puede permitir, bloquear o eliminar las cookies instaladas en su dispositivo mediante la<br \/>\nconfiguraci\u00f3n de las opciones del navegador utilizado:<a href=\"https:\/\/support.google.com\/accounts\/answer\/61416?co=GENIE.Platform%3DDesktop&amp;hl=es\" target=\"_blank\" rel=\"noopener noreferrer\"><br \/>\nGoogle Chrome<\/a><a href=\"https:\/\/support.mozilla.org\/es\/kb\/Borrar%20cookies\" target=\"_blank\" rel=\"noopener noreferrer\"><br \/>\nMozilla Firefox<\/a><a href=\"https:\/\/support.microsoft.com\/es-es\/help\/278835\/how-to-delete-cookie-files-in-internet-explorer\" target=\"_blank\" rel=\"noopener noreferrer\"><br \/>\nInternet Explorer<\/a><a href=\"https:\/\/support.apple.com\/es-es\/guide\/safari\/sfri11471\/mac\" target=\"_blank\" rel=\"noopener noreferrer\"><br \/>\nSafari<\/a><a href=\"https:\/\/support.apple.com\/es-es\/HT201265\" target=\"_blank\" rel=\"noopener noreferrer\"><br \/>\nSafari para iOS (iPhone y iPad)<\/a><a href=\"https:\/\/support.google.com\/accounts\/answer\/61416?co=GENIE.Platform%3DAndroid&amp;hl=es&amp;oco=1\" target=\"_blank\" rel=\"noopener noreferrer\"><br \/>\nChrome para Android<\/a><a href=\"https:\/\/support.google.com\/accounts\/answer\/61416?co=GENIE.Platform%3DiOS&amp;hl=es&amp;oco=1\" target=\"_blank\" rel=\"noopener noreferrer\"><br \/>\nChrome para iPhone y iPad<br \/>\n<\/a><\/p>\n<p>Si utiliza un navegador diferente, consulte las instrucciones del mismo para la configuraci\u00f3n<br \/>\nde las cookies.<\/p>\n<p>Respecto a las Cookies de Google Analytics:<br \/>\n<a href=\"https:\/\/tools.google.com\/dlpage\/gaoptout?hl=es\" target=\"_blank\" rel=\"noopener noreferrer\"><br \/>\nComplemento deshabilitaci\u00f3n<\/a><\/p>\n<\/div><\/div><\/div><\/div><\/div>\n","protected":false},"excerpt":{"rendered":"","protected":false},"author":3,"featured_media":0,"parent":0,"menu_order":0,"comment_status":"closed","ping_status":"closed","template":"100-width.php","meta":{"footnotes":""},"class_list":["post-324","page","type-page","status-publish","hentry"],"yoast_head":"<!-- This site is optimized with the Yoast SEO plugin v24.3 - https:\/\/yoast.com\/wordpress\/plugins\/seo\/ -->\n<title>Pol\u00edtica de Cookies - ACCESIBLE<\/title>\n<meta name=\"robots\" content=\"noindex, follow, max-snippet:-1, max-image-preview:large, max-video-preview:-1\" \/>\n<meta property=\"og:locale\" content=\"es_ES\" \/>\n<meta property=\"og:type\" content=\"article\" \/>\n<meta property=\"og:title\" content=\"Pol\u00edtica de Cookies - ACCESIBLE\" \/>\n<meta property=\"og:url\" content=\"https:\/\/accesible.ideva.es\/?page_id=324\" \/>\n<meta property=\"og:site_name\" content=\"ACCESIBLE\" \/>\n<meta property=\"article:modified_time\" content=\"2025-12-19T12:56:59+00:00\" \/>\n<meta name=\"twitter:card\" content=\"summary_large_image\" \/>\n<meta name=\"twitter:label1\" content=\"Tiempo de lectura\" \/>\n\t<meta name=\"twitter:data1\" content=\"3 minutos\" \/>\n<script type=\"application\/ld+json\" class=\"yoast-schema-graph\">{\"@context\":\"https:\/\/schema.org\",\"@graph\":[{\"@type\":\"WebPage\",\"@id\":\"https:\/\/accesible.ideva.es\/?page_id=324\",\"url\":\"https:\/\/accesible.ideva.es\/?page_id=324\",\"name\":\"Pol\u00edtica de Cookies - ACCESIBLE\",\"isPartOf\":{\"@id\":\"https:\/\/accesible.ideva.es\/#website\"},\"datePublished\":\"2025-12-19T12:35:24+00:00\",\"dateModified\":\"2025-12-19T12:56:59+00:00\",\"breadcrumb\":{\"@id\":\"https:\/\/accesible.ideva.es\/?page_id=324#breadcrumb\"},\"inLanguage\":\"es\",\"potentialAction\":[{\"@type\":\"ReadAction\",\"target\":[\"https:\/\/accesible.ideva.es\/?page_id=324\"]}]},{\"@type\":\"BreadcrumbList\",\"@id\":\"https:\/\/accesible.ideva.es\/?page_id=324#breadcrumb\",\"itemListElement\":[{\"@type\":\"ListItem\",\"position\":1,\"name\":\"Portada\",\"item\":\"https:\/\/accesible.ideva.es\/\"},{\"@type\":\"ListItem\",\"position\":2,\"name\":\"Pol\u00edtica de Cookies\"}]},{\"@type\":\"WebSite\",\"@id\":\"https:\/\/accesible.ideva.es\/#website\",\"url\":\"https:\/\/accesible.ideva.es\/\",\"name\":\"ACCESIBLE\",\"description\":\"\",\"potentialAction\":[{\"@type\":\"SearchAction\",\"target\":{\"@type\":\"EntryPoint\",\"urlTemplate\":\"https:\/\/accesible.ideva.es\/?s={search_term_string}\"},\"query-input\":{\"@type\":\"PropertyValueSpecification\",\"valueRequired\":true,\"valueName\":\"search_term_string\"}}],\"inLanguage\":\"es\"}]}<\/script>\n<!-- \/ Yoast SEO plugin. -->","yoast_head_json":{"title":"Pol\u00edtica de Cookies - ACCESIBLE","robots":{"index":"noindex","follow":"follow","max-snippet":"max-snippet:-1","max-image-preview":"max-image-preview:large","max-video-preview":"max-video-preview:-1"},"og_locale":"es_ES","og_type":"article","og_title":"Pol\u00edtica de Cookies - ACCESIBLE","og_url":"https:\/\/accesible.ideva.es\/?page_id=324","og_site_name":"ACCESIBLE","article_modified_time":"2025-12-19T12:56:59+00:00","twitter_card":"summary_large_image","twitter_misc":{"Tiempo de lectura":"3 minutos"},"schema":{"@context":"https:\/\/schema.org","@graph":[{"@type":"WebPage","@id":"https:\/\/accesible.ideva.es\/?page_id=324","url":"https:\/\/accesible.ideva.es\/?page_id=324","name":"Pol\u00edtica de Cookies - ACCESIBLE","isPartOf":{"@id":"https:\/\/accesible.ideva.es\/#website"},"datePublished":"2025-12-19T12:35:24+00:00","dateModified":"2025-12-19T12:56:59+00:00","breadcrumb":{"@id":"https:\/\/accesible.ideva.es\/?page_id=324#breadcrumb"},"inLanguage":"es","potentialAction":[{"@type":"ReadAction","target":["https:\/\/accesible.ideva.es\/?page_id=324"]}]},{"@type":"BreadcrumbList","@id":"https:\/\/accesible.ideva.es\/?page_id=324#breadcrumb","itemListElement":[{"@type":"ListItem","position":1,"name":"Portada","item":"https:\/\/accesible.ideva.es\/"},{"@type":"ListItem","position":2,"name":"Pol\u00edtica de Cookies"}]},{"@type":"WebSite","@id":"https:\/\/accesible.ideva.es\/#website","url":"https:\/\/accesible.ideva.es\/","name":"ACCESIBLE","description":"","potentialAction":[{"@type":"SearchAction","target":{"@type":"EntryPoint","urlTemplate":"https:\/\/accesible.ideva.es\/?s={search_term_string}"},"query-input":{"@type":"PropertyValueSpecification","valueRequired":true,"valueName":"search_term_string"}}],"inLanguage":"es"}]}},"_links":{"self":[{"href":"https:\/\/accesible.ideva.es\/index.php?rest_route=\/wp\/v2\/pages\/324","targetHints":{"allow":["GET"]}}],"collection":[{"href":"https:\/\/accesible.ideva.es\/index.php?rest_route=\/wp\/v2\/pages"}],"about":[{"href":"https:\/\/accesible.ideva.es\/index.php?rest_route=\/wp\/v2\/types\/page"}],"author":[{"embeddable":true,"href":"https:\/\/accesible.ideva.es\/index.php?rest_route=\/wp\/v2\/users\/3"}],"replies":[{"embeddable":true,"href":"https:\/\/accesible.ideva.es\/index.php?rest_route=%2Fwp%2Fv2%2Fcomments&post=324"}],"version-history":[{"count":12,"href":"https:\/\/accesible.ideva.es\/index.php?rest_route=\/wp\/v2\/pages\/324\/revisions"}],"predecessor-version":[{"id":342,"href":"https:\/\/accesible.ideva.es\/index.php?rest_route=\/wp\/v2\/pages\/324\/revisions\/342"}],"wp:attachment":[{"href":"https:\/\/accesible.ideva.es\/index.php?rest_route=%2Fwp%2Fv2%2Fmedia&parent=324"}],"curies":[{"name":"wp","href":"https:\/\/api.w.org\/{rel}","templated":true}]}}